{"id":75,"date":"2022-11-23T03:52:54","date_gmt":"2022-11-23T03:52:54","guid":{"rendered":"http:\/\/yesventas.com\/index.php\/mesmerize\/"},"modified":"2023-08-18T03:38:14","modified_gmt":"2023-08-18T03:38:14","slug":"mesmerize","status":"publish","type":"page","link":"https:\/\/yesventas.com\/","title":{"rendered":"Home"},"content":{"rendered":"<div  id=\"resumen\" style=\"background-color: #ffffff;\" data-label=\"resumen\" data-id=\"overlappable-4\" data-export-id=\"overlappable-4\" data-category=\"overlappable\" class=\"overlappable-4 content-section content-section-spacing\" data-overlap=\"true\">\n<div  class=\"gridContainer\">\n<div  data-type=\"row\" class=\"row spaced-cols text-center\">\n<div  class=\"col-xs-12 col-sm-4 col-padding\"> <i  class=\"fa icon fa-clone large shadow-large-black round aligncenter reverse color1\"><\/i><\/p>\n<div  data-type=\"column\" class=\"\">\n<h5  class=\"\">F\u00e1cil gesti\u00f3n<\/h5>\n<\/div>\n<\/div>\n<div  class=\"col-xs-12 col-sm-4 col-padding\"> <i  class=\"fa icon fa-cogs large shadow-large-black round aligncenter reverse color1\"><\/i><\/p>\n<div  data-type=\"column\" class=\"\">\n<h5  class=\"\">F\u00e1cil manejo<\/h5>\n<\/div>\n<\/div>\n<div  class=\"col-xs-12 col-sm-4 col-padding\"> <i  class=\"fa icon fa-magic large shadow-large-black round aligncenter reverse color1\"><\/i><\/p>\n<div  data-type=\"column\" class=\"\">\n<h5  class=\"\">F\u00e1cil control<\/h5>\n<\/div>\n<\/div>\n<\/div>\n<\/div>\n<\/div>\n<div  id=\"acerca-de\" style=\"background-color: #f5fafd;\" data-label=\"Acerca de\" data-id=\"about-1\" data-export-id=\"about-1\" data-category=\"about\" class=\"about-1 content-section\">\n<div  class=\"gridContainer\">\n<div  class=\"row text-center\">\n<div  class=\"section-title-col\" data-type=\"column\">\n<h2  class=\"\">Con YesVentas <font  face=\"Playfair Display, sans-serif\"><i >el manejo de tus productos ser\u00e1 m\u00e1s<\/i><\/font>&nbsp;f\u00e1cil y sobre todo m\u00e1s r\u00e1pido<\/h2>\n<p  class=\"lead\">Utilizando el sistema punto de ventas YesVentas la gesti\u00f3n de tu tienda se beneficiar\u00e1 en un 100%&nbsp;<\/p>\n<\/div>\n<\/div>\n<div  class=\"row\">\n<div  class=\"button-holder space-bottom space-bottom-small\" data-type=\"column\"> <\/div>\n<div  class=\"col-xs bottom-xs flexbox image-group-bottom-3-img space-bottom-xs center-xs\"> <a data-cp-link=\"1\" href=\"https:\/\/www.youtube.com\/@yesventas\" class=\"left-img-anchor\" target=\"_blank\" rel=\"noopener\"><img  decoding=\"async\" class=\"left-img shadow-large-black\" data-size=\"500x300\" src=\"https:\/\/yesventas.com\/wp-content\/uploads\/2022\/11\/mercadolibre2-scaled.jpg\" title=\"mercadolibre2\" alt=\"\"><\/a> <a data-cp-link=\"1\" href=\"#\" class=\"center-img-anchor\" target=\"_self\" rel=\"noopener\"><img  decoding=\"async\" class=\"center-img shadow-large-black\" data-size=\"500x300\" src=\"\" title=\"cropped-contactos2.jpg\" alt=\"\"><\/a> <a data-cp-link=\"1\" href=\"#\" class=\"right-img-anchor\" target=\"_self\" rel=\"noopener\"><img  decoding=\"async\" class=\"right-img shadow-large-black\" data-size=\"500x300\" src=\"\" title=\"cropped-fondo.jpg\" alt=\"\"><\/a><\/div>\n<\/div>\n<\/div>\n<\/div>\n<div  id=\"contact-1\" data-label=\"Contact\" data-id=\"contact-1\" data-export-id=\"contact-1\" data-category=\"contact\" class=\"contact-1 content-section content-section-spacing white-text\" data-parallax-depth=\"20\">\n<div  class=\"gridContainer\">\n<div  class=\"row text-center\">\n<div  class=\"section-title-col\" data-type=\"column\">\n<h2  class=\"\">Cont\u00e1ctanos<\/h2>\n<p  class=\"lead\">Cont\u00e1ctanos en caso de dudas o sugerencias que tenga acerca de nuestro<\/p>\n<p>sistema punto de venta YesVentas<\/p>\n<p><img decoding=\"async\"  class=\"custom-image\" src=\"http:\/\/yesventas.com\/wp-content\/uploads\/2022\/11\/contactos2-2.jpg\" title=\"contactos2\" alt=\"\"><\/div>\n<\/div>\n<div  class=\"row text-center\">\n<div  class=\"col-xs-12 col-sm-8 col-sm-offset-2 contact-form-wrapper inline-info\">\n<div  class=\"card large-padding\">\n<div  class=\"\" data-content-shortcode=\"mesmerize_contact_form shortcode=&quot;.&quot;\" data-editable=\"true\">[mesmerize_contact_form shortcode=&#8221;.&#8221;]<\/div>\n<\/div>\n<\/div>\n<\/div>\n<\/div>\n<\/div>\n","protected":false},"excerpt":{"rendered":"<p>F\u00e1cil gesti\u00f3n F\u00e1cil manejo F\u00e1cil control Con YesVentas el manejo de tus productos ser\u00e1 m\u00e1s&nbsp;f\u00e1cil y sobre todo m\u00e1s r\u00e1pido Utilizando el sistema punto de ventas YesVentas la gesti\u00f3n de tu tienda se beneficiar\u00e1 en un 100%&nbsp; Cont\u00e1ctanos Cont\u00e1ctanos en caso de dudas o sugerencias que tenga acerca de nuestro sistema punto de venta YesVentas&hellip; <br \/> <a class=\"read-more\" href=\"https:\/\/yesventas.com\/\">Read more<\/a><\/p>\n","protected":false},"author":3,"featured_media":0,"parent":0,"menu_order":0,"comment_status":"closed","ping_status":"closed","template":"page-templates\/homepage.php","meta":{"footnotes":""},"class_list":["post-75","page","type-page","status-publish","hentry"],"_links":{"self":[{"href":"https:\/\/yesventas.com\/index.php\/wp-json\/wp\/v2\/pages\/75","targetHints":{"allow":["GET"]}}],"collection":[{"href":"https:\/\/yesventas.com\/index.php\/wp-json\/wp\/v2\/pages"}],"about":[{"href":"https:\/\/yesventas.com\/index.php\/wp-json\/wp\/v2\/types\/page"}],"author":[{"embeddable":true,"href":"https:\/\/yesventas.com\/index.php\/wp-json\/wp\/v2\/users\/3"}],"replies":[{"embeddable":true,"href":"https:\/\/yesventas.com\/index.php\/wp-json\/wp\/v2\/comments?post=75"}],"version-history":[{"count":18,"href":"https:\/\/yesventas.com\/index.php\/wp-json\/wp\/v2\/pages\/75\/revisions"}],"predecessor-version":[{"id":219,"href":"https:\/\/yesventas.com\/index.php\/wp-json\/wp\/v2\/pages\/75\/revisions\/219"}],"wp:attachment":[{"href":"https:\/\/yesventas.com\/index.php\/wp-json\/wp\/v2\/media?parent=75"}],"curies":[{"name":"wp","href":"https:\/\/api.w.org\/{rel}","templated":true}]}}